{"id":6073,"date":"2023-06-01T09:21:32","date_gmt":"2023-06-01T07:21:32","guid":{"rendered":"https:\/\/www.agrizert.de\/pie-de-imprenta\/"},"modified":"2025-01-14T13:19:51","modified_gmt":"2025-01-14T12:19:51","slug":"pie-de-imprenta","status":"publish","type":"page","link":"https:\/\/www.agrizert.de\/es\/pie-de-imprenta\/","title":{"rendered":"Pie de imprenta"},"content":{"rendered":"\n<div id=\"c1531\" class=\"is--cElement is--text ceStyle-0 p-0\">\n<div class=\"cHolder\">\n<div class=\"cWrap\">Encontrar\u00e1 m\u00e1s informaci\u00f3n sobre nuestra cl\u00e1usula de exenci\u00f3n de responsabilidad <a href=\"https:\/\/agrizert.de\/haftungsauschluss\/\">aqu\u00ed<\/a><\/div>\n<\/div>\n<\/div>\n<div id=\"c245\" class=\"is--cElement is--text ceStyle-0 p-0\">\n<div class=\"cHolder\">\n<div> <\/div>\n<\/div>\n<\/div>\n<div id=\"c1463\" class=\"is--cElement is--text ceStyle-0 p-0\">\n<div class=\"cHolder\">\n<div class=\"cWrap\">\n<p>Responsable del contenido:<\/p>\n<p><br><br><br>AGRIZERT Zertifizierungs GmbH Siebenmorgenweg 6-8 53229 Bonn Alemania<\/p>\n<p><br><br>Tel\u00e9fono: +49 (0) 228.971496-0 Fax: +49 (0) 228.971496-19 Correo electr\u00f3nico:<a>info(at)agrizert.de<\/a><\/p>\n<p><br>Director Gerente: Dipl. Betriebswirt (FH) Martin Amend <\/p>\n<p><br>Tribunal Local de Bonn, HRB 17639 NIF: DE 186050 432<\/p>\n<p>Propietario de la p\u00e1gina web: AGRIZERT Zertifizierungs GmbH<\/p>\n<p>Realizaci\u00f3n: <a href=\"https:\/\/www.vision-mittelstand.com\">www.vision-mittelstand.com<\/a><\/p>\n<\/div>\n<\/div>\n<\/div>\n","protected":false},"excerpt":{"rendered":"<p>Encontrar\u00e1 m\u00e1s informaci\u00f3n sobre nuestra cl\u00e1usula de exenci\u00f3n de responsabilidad  [&#8230;]<\/p>\n","protected":false},"author":2,"featured_media":0,"parent":0,"menu_order":0,"comment_status":"closed","ping_status":"closed","template":"","meta":{"footnotes":""},"class_list":["post-6073","page","type-page","status-publish","hentry"],"yoast_head":"<!-- This site is optimized with the Yoast SEO plugin v27.4 - https:\/\/yoast.com\/product\/yoast-seo-wordpress\/ -->\n<title>Pie de imprenta - Agrizert Zertifizierungs GmbH<\/title>\n<meta name=\"robots\" content=\"index, follow, max-snippet:-1, max-image-preview:large, max-video-preview:-1\" \/>\n<link rel=\"canonical\" href=\"https:\/\/www.agrizert.de\/es\/pie-de-imprenta\/\" \/>\n<meta property=\"og:locale\" content=\"es_ES\" \/>\n<meta property=\"og:type\" content=\"article\" \/>\n<meta property=\"og:title\" content=\"Pie de imprenta - Agrizert Zertifizierungs GmbH\" \/>\n<meta property=\"og:description\" content=\"Encontrar\u00e1 m\u00e1s informaci\u00f3n sobre nuestra cl\u00e1usula de exenci\u00f3n de responsabilidad [...]\" \/>\n<meta property=\"og:url\" content=\"https:\/\/www.agrizert.de\/es\/pie-de-imprenta\/\" \/>\n<meta property=\"og:site_name\" content=\"Agrizert Zertifizierungs GmbH\" \/>\n<meta property=\"article:modified_time\" content=\"2025-01-14T12:19:51+00:00\" \/>\n<meta name=\"twitter:card\" content=\"summary_large_image\" \/>\n<script type=\"application\/ld+json\" class=\"yoast-schema-graph\">{\"@context\":\"https:\\\/\\\/schema.org\",\"@graph\":[{\"@type\":\"WebPage\",\"@id\":\"https:\\\/\\\/www.agrizert.de\\\/es\\\/pie-de-imprenta\\\/\",\"url\":\"https:\\\/\\\/www.agrizert.de\\\/es\\\/pie-de-imprenta\\\/\",\"name\":\"Pie de imprenta - Agrizert Zertifizierungs GmbH\",\"isPartOf\":{\"@id\":\"https:\\\/\\\/www.agrizert.de\\\/es\\\/#website\"},\"datePublished\":\"2023-06-01T07:21:32+00:00\",\"dateModified\":\"2025-01-14T12:19:51+00:00\",\"breadcrumb\":{\"@id\":\"https:\\\/\\\/www.agrizert.de\\\/es\\\/pie-de-imprenta\\\/#breadcrumb\"},\"inLanguage\":\"es\",\"potentialAction\":[{\"@type\":\"ReadAction\",\"target\":[\"https:\\\/\\\/www.agrizert.de\\\/es\\\/pie-de-imprenta\\\/\"]}]},{\"@type\":\"BreadcrumbList\",\"@id\":\"https:\\\/\\\/www.agrizert.de\\\/es\\\/pie-de-imprenta\\\/#breadcrumb\",\"itemListElement\":[{\"@type\":\"ListItem\",\"position\":1,\"name\":\"Home\",\"item\":\"https:\\\/\\\/www.agrizert.de\\\/es\\\/\"},{\"@type\":\"ListItem\",\"position\":2,\"name\":\"Pie de imprenta\"}]},{\"@type\":\"WebSite\",\"@id\":\"https:\\\/\\\/www.agrizert.de\\\/es\\\/#website\",\"url\":\"https:\\\/\\\/www.agrizert.de\\\/es\\\/\",\"name\":\"Agrizert Zertifizierungs GmbH\",\"description\":\"Zertifizierte Sicherheit f\u00fcr Ihre Produkte.\",\"potentialAction\":[{\"@type\":\"SearchAction\",\"target\":{\"@type\":\"EntryPoint\",\"urlTemplate\":\"https:\\\/\\\/www.agrizert.de\\\/es\\\/?s={search_term_string}\"},\"query-input\":{\"@type\":\"PropertyValueSpecification\",\"valueRequired\":true,\"valueName\":\"search_term_string\"}}],\"inLanguage\":\"es\"}]}<\/script>\n<!-- \/ Yoast SEO plugin. -->","yoast_head_json":{"title":"Pie de imprenta - Agrizert Zertifizierungs GmbH","robots":{"index":"index","follow":"follow","max-snippet":"max-snippet:-1","max-image-preview":"max-image-preview:large","max-video-preview":"max-video-preview:-1"},"canonical":"https:\/\/www.agrizert.de\/es\/pie-de-imprenta\/","og_locale":"es_ES","og_type":"article","og_title":"Pie de imprenta - Agrizert Zertifizierungs GmbH","og_description":"Encontrar\u00e1 m\u00e1s informaci\u00f3n sobre nuestra cl\u00e1usula de exenci\u00f3n de responsabilidad [...]","og_url":"https:\/\/www.agrizert.de\/es\/pie-de-imprenta\/","og_site_name":"Agrizert Zertifizierungs GmbH","article_modified_time":"2025-01-14T12:19:51+00:00","twitter_card":"summary_large_image","schema":{"@context":"https:\/\/schema.org","@graph":[{"@type":"WebPage","@id":"https:\/\/www.agrizert.de\/es\/pie-de-imprenta\/","url":"https:\/\/www.agrizert.de\/es\/pie-de-imprenta\/","name":"Pie de imprenta - Agrizert Zertifizierungs GmbH","isPartOf":{"@id":"https:\/\/www.agrizert.de\/es\/#website"},"datePublished":"2023-06-01T07:21:32+00:00","dateModified":"2025-01-14T12:19:51+00:00","breadcrumb":{"@id":"https:\/\/www.agrizert.de\/es\/pie-de-imprenta\/#breadcrumb"},"inLanguage":"es","potentialAction":[{"@type":"ReadAction","target":["https:\/\/www.agrizert.de\/es\/pie-de-imprenta\/"]}]},{"@type":"BreadcrumbList","@id":"https:\/\/www.agrizert.de\/es\/pie-de-imprenta\/#breadcrumb","itemListElement":[{"@type":"ListItem","position":1,"name":"Home","item":"https:\/\/www.agrizert.de\/es\/"},{"@type":"ListItem","position":2,"name":"Pie de imprenta"}]},{"@type":"WebSite","@id":"https:\/\/www.agrizert.de\/es\/#website","url":"https:\/\/www.agrizert.de\/es\/","name":"Agrizert Zertifizierungs GmbH","description":"Zertifizierte Sicherheit f\u00fcr Ihre Produkte.","potentialAction":[{"@type":"SearchAction","target":{"@type":"EntryPoint","urlTemplate":"https:\/\/www.agrizert.de\/es\/?s={search_term_string}"},"query-input":{"@type":"PropertyValueSpecification","valueRequired":true,"valueName":"search_term_string"}}],"inLanguage":"es"}]}},"_links":{"self":[{"href":"https:\/\/www.agrizert.de\/es\/wp-json\/wp\/v2\/pages\/6073","targetHints":{"allow":["GET"]}}],"collection":[{"href":"https:\/\/www.agrizert.de\/es\/wp-json\/wp\/v2\/pages"}],"about":[{"href":"https:\/\/www.agrizert.de\/es\/wp-json\/wp\/v2\/types\/page"}],"author":[{"embeddable":true,"href":"https:\/\/www.agrizert.de\/es\/wp-json\/wp\/v2\/users\/2"}],"replies":[{"embeddable":true,"href":"https:\/\/www.agrizert.de\/es\/wp-json\/wp\/v2\/comments?post=6073"}],"version-history":[{"count":2,"href":"https:\/\/www.agrizert.de\/es\/wp-json\/wp\/v2\/pages\/6073\/revisions"}],"predecessor-version":[{"id":6662,"href":"https:\/\/www.agrizert.de\/es\/wp-json\/wp\/v2\/pages\/6073\/revisions\/6662"}],"wp:attachment":[{"href":"https:\/\/www.agrizert.de\/es\/wp-json\/wp\/v2\/media?parent=6073"}],"curies":[{"name":"wp","href":"https:\/\/api.w.org\/{rel}","templated":true}]}}