{"id":6512,"date":"2022-06-22T12:22:57","date_gmt":"2022-06-22T10:22:57","guid":{"rendered":"https:\/\/www.agrizert.de\/politica-de-privacidad\/"},"modified":"2026-04-30T07:51:54","modified_gmt":"2026-04-30T05:51:54","slug":"politica-de-privacidad","status":"publish","type":"page","link":"https:\/\/www.agrizert.de\/es\/politica-de-privacidad\/","title":{"rendered":"Pol\u00edtica de privacidad"},"content":{"rendered":"<div class=\"fusion-fullwidth fullwidth-box fusion-builder-row-1 fusion-flex-container nonhundred-percent-fullwidth non-hundred-percent-height-scrolling\" style=\"--awb-border-radius-top-left:0px;--awb-border-radius-top-right:0px;--awb-border-radius-bottom-right:0px;--awb-border-radius-bottom-left:0px;--awb-flex-wrap:wrap;\" ><div class=\"fusion-builder-row fusion-row fusion-flex-align-items-flex-start fusion-flex-content-wrap\" style=\"max-width:1310.4px;margin-left: calc(-4% \/ 2 );margin-right: calc(-4% \/ 2 );\"><div class=\"fusion-layout-column fusion_builder_column fusion-builder-column-0 fusion_builder_column_1_1 1_1 fusion-flex-column\" style=\"--awb-bg-size:cover;--awb-width-large:100%;--awb-margin-top-large:0px;--awb-spacing-right-large:1.92%;--awb-margin-bottom-large:0px;--awb-spacing-left-large:1.92%;--awb-width-medium:100%;--awb-spacing-right-medium:1.92%;--awb-spacing-left-medium:1.92%;--awb-width-small:100%;--awb-spacing-right-small:1.92%;--awb-spacing-left-small:1.92%;\"><div class=\"fusion-column-wrapper fusion-flex-justify-content-flex-start fusion-content-layout-column\"><div class=\"fusion-text fusion-text-1\"><header>&#13;<\/p>\n<h1 class=\"is--headline font-style-1 wp-block-heading\"><strong style=\"font-size: 16px;\">Protecci\u00f3n de datos<\/strong><\/h1>\n<p>&#13;\n<\/header>\n<p>&#13;<\/p>\n<div class=\"cWrap\">&#13;<\/p>\n<p>Die Betreiber dieser Seiten nehmen den Schutz Ihrer pers\u00f6nlichen Daten sehr ernst. Wir behandeln Ihre personenbezogenen Daten vertraulich und entsprechend der gesetzlichen Datenschutzvorschriften sowie dieser Datenschutzerkl\u00e4rung.<\/p>\n<p>&#13;<\/p>\n<p>Die Nutzung unserer Website ist in der Regel ohne Angabe personenbezogener Daten m\u00f6glich. Soweit auf unseren Seiten personenbezogene Daten (beispielsweise Name, Anschrift oder E-Mail-Adressen) erhoben werden, erfolgt dies, soweit m\u00f6glich, stets auf freiwilliger Basis. Diese Daten werden ohne Ihre ausdr\u00fcckliche Zustimmung nicht an Dritte weitergegeben.<\/p>\n<p>&#13;<\/p>\n<p>Wir weisen darauf hin, dass die Daten\u00fcbertragung im Internet (z.B. bei der Kommunikation per E-Mail) Sicherheitsl\u00fccken aufweisen kann. Ein l\u00fcckenloser Schutz der Daten vor dem Zugriff durch Dritte ist nicht m\u00f6glich.<\/p>\n<p>&#13;<\/p>\n<p><strong>Server-Log- Files<\/strong><br\/>Der Provider der Seiten erhebt und speichert automatisch Informationen in so genannten Server-Log Files, die Ihr Browser automatisch an uns \u00fcbermittelt. Dies sind:<\/p>\n<p>&#13;<\/p>\n<p>&#8211; Browsertyp und Browserversion<br\/>&#8211; verwendetes Betriebssystem<br\/>&#8211; Referrer URL<br\/>&#8211; Hostname des zugreifenden Rechners<br\/>&#8211; Uhrzeit der Serveranfrage<br\/>Diese Daten sind nicht bestimmten Personen zuordenbar. Eine Zusammenf\u00fchrung dieser Daten mit anderen Datenquellen wird nicht vorgenommen. Wir behalten uns vor, diese Daten nachtr\u00e4glich zu pr\u00fcfen, wenn uns konkrete Anhaltspunkte f\u00fcr eine rechtswidrige Nutzung bekannt werden.<\/p>\n<p>&#13;<\/p>\n<p><strong>Kontaktformular<\/strong><br\/>Wenn Sie uns per Kontaktformular Anfragen zukommen lassen, werden Ihre Angaben aus dem Anfrageformular inklusive der von Ihnen dort angegebenen Kontaktdaten zwecks Bearbeitung der Anfrage und f\u00fcr den Fall von Anschlussfragen bei uns gespeichert. Diese Daten geben wir nicht ohne Ihre Einwilligung weiter.<\/p>\n<p>&#13;<\/p>\n<p><strong>SSL-Verschl\u00fcsselung<\/strong><br\/>Diese Seite nutzt aus Gr\u00fcnden der Sicherheit und zum Schutz der \u00dcbertragung vertraulicher Inhalte, wie zum Beispiel der Anfragen, die Sie an uns als Seitenbetreiber senden, eine SSL-Verschl\u00fcsselung. Eine verschl\u00fcsselte Verbindung erkennen Sie daran, dass die Adresszeile des Browsers von &#8220;https:\/\/&#8221; auf &#8220;https:\/\/&#8221; wechselt und an dem Schloss-Symbol in Ihrer Browserzeile.<\/p>\n<p>&#13;<\/p>\n<p>Wenn die SSL Verschl\u00fcsselung aktiviert ist, k\u00f6nnen die Daten, die Sie an uns \u00fcbermitteln, nicht von Dritten mitgelesen werden.<\/p>\n<p>&#13;<\/p>\n<p><strong>Recht auf Auskunft, L\u00f6schung, Sperrung<\/strong><br\/>Sie haben jederzeit das Recht auf unentgeltliche Auskunft \u00fcber Ihre gespeicherten personenbezogenen Daten, deren Herkunft und Empf\u00e4nger und den Zweck der Datenverarbeitung sowie ein Recht auf Berichtigung, Sperrung oder L\u00f6schung dieser Daten. Hierzu sowie zu weiteren Fragen zum Thema personenbezogene Daten k\u00f6nnen Sie sich jederzeit an uns bzw. an unseren Datenschutzbeauftragten wenden.<\/p>\n<p>&#13;<\/p>\n<p>AGRIZERT Zertifizierungs GmbH<br\/>Beueler Bahnhofsplatz 18<br\/>53225 Bonn<\/p>\n<p>&#13;<\/p>\n<p>E-Mail:\u00a0\u00a0 <a>info(at)agrizert.de<\/a>\u00a0<br\/>Telefon: +49\u00a0(0) 228\u00a0\/ 97 14 96-0<\/p>\n<p>&#13;<\/p>\n<p>Ibrahim Sakar<br\/>E-Mail:\u00a0 <a href=\"mailto:ibrahim.sakar@genoverband.de\">ibrahim.sakar@genoverband.de<\/a> <br\/>Telefon: +49 175 4524174<\/p>\n<p>&#13;\n<\/p><\/div>\n<p>&#13;<\/p>\n<p>&nbsp;<\/p>\n<\/div><\/div><\/div><\/div><\/div>\n","protected":false},"excerpt":{"rendered":"","protected":false},"author":1,"featured_media":0,"parent":0,"menu_order":0,"comment_status":"closed","ping_status":"open","template":"","meta":{"footnotes":""},"class_list":["post-6512","page","type-page","status-publish","hentry"],"yoast_head":"<!-- This site is optimized with the Yoast SEO plugin v27.5 - https:\/\/yoast.com\/product\/yoast-seo-wordpress\/ -->\n<title>Pol\u00edtica de privacidad - Agrizert Zertifizierungs GmbH<\/title>\n<meta name=\"robots\" content=\"index, follow, max-snippet:-1, max-image-preview:large, max-video-preview:-1\" \/>\n<link rel=\"canonical\" href=\"https:\/\/www.agrizert.de\/es\/politica-de-privacidad\/\" \/>\n<meta property=\"og:locale\" content=\"es_ES\" \/>\n<meta property=\"og:type\" content=\"article\" \/>\n<meta property=\"og:title\" content=\"Pol\u00edtica de privacidad - Agrizert Zertifizierungs GmbH\" \/>\n<meta property=\"og:url\" content=\"https:\/\/www.agrizert.de\/es\/politica-de-privacidad\/\" \/>\n<meta property=\"og:site_name\" content=\"Agrizert Zertifizierungs GmbH\" \/>\n<meta property=\"article:modified_time\" content=\"2026-04-30T05:51:54+00:00\" \/>\n<meta name=\"twitter:card\" content=\"summary_large_image\" \/>\n<meta name=\"twitter:label1\" content=\"Tiempo de lectura\" \/>\n\t<meta name=\"twitter:data1\" content=\"4 minutos\" \/>\n<script type=\"application\/ld+json\" class=\"yoast-schema-graph\">{\"@context\":\"https:\\\/\\\/schema.org\",\"@graph\":[{\"@type\":\"WebPage\",\"@id\":\"https:\\\/\\\/www.agrizert.de\\\/es\\\/politica-de-privacidad\\\/\",\"url\":\"https:\\\/\\\/www.agrizert.de\\\/es\\\/politica-de-privacidad\\\/\",\"name\":\"Pol\u00edtica de privacidad - Agrizert Zertifizierungs GmbH\",\"isPartOf\":{\"@id\":\"https:\\\/\\\/www.agrizert.de\\\/es\\\/#website\"},\"datePublished\":\"2022-06-22T10:22:57+00:00\",\"dateModified\":\"2026-04-30T05:51:54+00:00\",\"breadcrumb\":{\"@id\":\"https:\\\/\\\/www.agrizert.de\\\/es\\\/politica-de-privacidad\\\/#breadcrumb\"},\"inLanguage\":\"es\",\"potentialAction\":[{\"@type\":\"ReadAction\",\"target\":[\"https:\\\/\\\/www.agrizert.de\\\/es\\\/politica-de-privacidad\\\/\"]}]},{\"@type\":\"BreadcrumbList\",\"@id\":\"https:\\\/\\\/www.agrizert.de\\\/es\\\/politica-de-privacidad\\\/#breadcrumb\",\"itemListElement\":[{\"@type\":\"ListItem\",\"position\":1,\"name\":\"Home\",\"item\":\"https:\\\/\\\/www.agrizert.de\\\/es\\\/agrizert\\\/\"},{\"@type\":\"ListItem\",\"position\":2,\"name\":\"Pol\u00edtica de privacidad\"}]},{\"@type\":\"WebSite\",\"@id\":\"https:\\\/\\\/www.agrizert.de\\\/es\\\/#website\",\"url\":\"https:\\\/\\\/www.agrizert.de\\\/es\\\/\",\"name\":\"Agrizert Zertifizierungs GmbH\",\"description\":\"Zertifizierte Sicherheit f\u00fcr Ihre Produkte.\",\"potentialAction\":[{\"@type\":\"SearchAction\",\"target\":{\"@type\":\"EntryPoint\",\"urlTemplate\":\"https:\\\/\\\/www.agrizert.de\\\/es\\\/?s={search_term_string}\"},\"query-input\":{\"@type\":\"PropertyValueSpecification\",\"valueRequired\":true,\"valueName\":\"search_term_string\"}}],\"inLanguage\":\"es\"}]}<\/script>\n<!-- \/ Yoast SEO plugin. -->","yoast_head_json":{"title":"Pol\u00edtica de privacidad - Agrizert Zertifizierungs GmbH","robots":{"index":"index","follow":"follow","max-snippet":"max-snippet:-1","max-image-preview":"max-image-preview:large","max-video-preview":"max-video-preview:-1"},"canonical":"https:\/\/www.agrizert.de\/es\/politica-de-privacidad\/","og_locale":"es_ES","og_type":"article","og_title":"Pol\u00edtica de privacidad - Agrizert Zertifizierungs GmbH","og_url":"https:\/\/www.agrizert.de\/es\/politica-de-privacidad\/","og_site_name":"Agrizert Zertifizierungs GmbH","article_modified_time":"2026-04-30T05:51:54+00:00","twitter_card":"summary_large_image","twitter_misc":{"Tiempo de lectura":"4 minutos"},"schema":{"@context":"https:\/\/schema.org","@graph":[{"@type":"WebPage","@id":"https:\/\/www.agrizert.de\/es\/politica-de-privacidad\/","url":"https:\/\/www.agrizert.de\/es\/politica-de-privacidad\/","name":"Pol\u00edtica de privacidad - Agrizert Zertifizierungs GmbH","isPartOf":{"@id":"https:\/\/www.agrizert.de\/es\/#website"},"datePublished":"2022-06-22T10:22:57+00:00","dateModified":"2026-04-30T05:51:54+00:00","breadcrumb":{"@id":"https:\/\/www.agrizert.de\/es\/politica-de-privacidad\/#breadcrumb"},"inLanguage":"es","potentialAction":[{"@type":"ReadAction","target":["https:\/\/www.agrizert.de\/es\/politica-de-privacidad\/"]}]},{"@type":"BreadcrumbList","@id":"https:\/\/www.agrizert.de\/es\/politica-de-privacidad\/#breadcrumb","itemListElement":[{"@type":"ListItem","position":1,"name":"Home","item":"https:\/\/www.agrizert.de\/es\/agrizert\/"},{"@type":"ListItem","position":2,"name":"Pol\u00edtica de privacidad"}]},{"@type":"WebSite","@id":"https:\/\/www.agrizert.de\/es\/#website","url":"https:\/\/www.agrizert.de\/es\/","name":"Agrizert Zertifizierungs GmbH","description":"Zertifizierte Sicherheit f\u00fcr Ihre Produkte.","potentialAction":[{"@type":"SearchAction","target":{"@type":"EntryPoint","urlTemplate":"https:\/\/www.agrizert.de\/es\/?s={search_term_string}"},"query-input":{"@type":"PropertyValueSpecification","valueRequired":true,"valueName":"search_term_string"}}],"inLanguage":"es"}]}},"_links":{"self":[{"href":"https:\/\/www.agrizert.de\/es\/wp-json\/wp\/v2\/pages\/6512","targetHints":{"allow":["GET"]}}],"collection":[{"href":"https:\/\/www.agrizert.de\/es\/wp-json\/wp\/v2\/pages"}],"about":[{"href":"https:\/\/www.agrizert.de\/es\/wp-json\/wp\/v2\/types\/page"}],"author":[{"embeddable":true,"href":"https:\/\/www.agrizert.de\/es\/wp-json\/wp\/v2\/users\/1"}],"replies":[{"embeddable":true,"href":"https:\/\/www.agrizert.de\/es\/wp-json\/wp\/v2\/comments?post=6512"}],"version-history":[{"count":3,"href":"https:\/\/www.agrizert.de\/es\/wp-json\/wp\/v2\/pages\/6512\/revisions"}],"predecessor-version":[{"id":7739,"href":"https:\/\/www.agrizert.de\/es\/wp-json\/wp\/v2\/pages\/6512\/revisions\/7739"}],"wp:attachment":[{"href":"https:\/\/www.agrizert.de\/es\/wp-json\/wp\/v2\/media?parent=6512"}],"curies":[{"name":"wp","href":"https:\/\/api.w.org\/{rel}","templated":true}]}}